{"id":1406,"date":"2026-02-03T09:21:02","date_gmt":"2026-02-03T09:21:02","guid":{"rendered":"https:\/\/lachicadelaspinturas.es\/?page_id=1406"},"modified":"2026-02-03T10:17:47","modified_gmt":"2026-02-03T10:17:47","slug":"sobre-mi","status":"publish","type":"page","link":"https:\/\/lachicadelaspinturas.es\/?page_id=1406","title":{"rendered":"Sobre Mi"},"content":{"rendered":"\t\t<div data-elementor-type=\"wp-page\" data-elementor-id=\"1406\" class=\"elementor elementor-1406\">\n\t\t\t\t<div class=\"elementor-element elementor-element-48ea58d e-flex e-con-boxed e-con e-parent\" data-id=\"48ea58d\" data-element_type=\"container\" data-e-type=\"container\" data-settings=\"{&quot;background_background&quot;:&quot;slideshow&quot;,&quot;background_slideshow_gallery&quot;:[{&quot;id&quot;:1343,&quot;url&quot;:&quot;https:\\\/\\\/lachicadelaspinturas.es\\\/wp-content\\\/uploads\\\/2026\\\/01\\\/4.jpg&quot;}],&quot;background_slideshow_loop&quot;:&quot;yes&quot;,&quot;background_slideshow_slide_duration&quot;:5000,&quot;background_slideshow_slide_transition&quot;:&quot;fade&quot;,&quot;background_slideshow_transition_duration&quot;:500}\">\n\t\t\t\t\t<div class=\"e-con-inner\">\n\t\t\t\t\t<\/div>\n\t\t\t\t<\/div>\n\t\t<div class=\"elementor-element elementor-element-c8cf16a e-flex e-con-boxed e-con e-parent\" data-id=\"c8cf16a\" data-element_type=\"container\" data-e-type=\"container\">\n\t\t\t\t\t<div class=\"e-con-inner\">\n\t\t\t\t<div class=\"elementor-element elementor-element-633edd8 elementor-widget elementor-widget-spacer\" data-id=\"633edd8\" data-element_type=\"widget\" data-e-type=\"widget\" data-widget_type=\"spacer.default\">\n\t\t\t\t\t\t\t<div class=\"elementor-spacer\">\n\t\t\t<div class=\"elementor-spacer-inner\"><\/div>\n\t\t<\/div>\n\t\t\t\t\t\t<\/div>\n\t\t\t\t<div class=\"elementor-element elementor-element-adb225a elementor-widget elementor-widget-heading\" data-id=\"adb225a\" data-element_type=\"widget\" data-e-type=\"widget\" data-widget_type=\"heading.default\">\n\t\t\t\t\t<h2 class=\"elementor-heading-title elementor-size-default\">\u00bfQuien es La Chica de las Pinturas?<\/h2>\t\t\t\t<\/div>\n\t\t\t\t<div class=\"elementor-element elementor-element-ce16e3e elementor-widget elementor-widget-spacer\" data-id=\"ce16e3e\" data-element_type=\"widget\" data-e-type=\"widget\" data-widget_type=\"spacer.default\">\n\t\t\t\t\t\t\t<div class=\"elementor-spacer\">\n\t\t\t<div class=\"elementor-spacer-inner\"><\/div>\n\t\t<\/div>\n\t\t\t\t\t\t<\/div>\n\t\t\t\t<div class=\"elementor-element elementor-element-031fca3 elementor-widget elementor-widget-text-editor\" data-id=\"031fca3\" data-element_type=\"widget\" data-e-type=\"widget\" data-widget_type=\"text-editor.default\">\n\t\t\t\t\t\t\t\t\t<p><span style=\"font-weight: 400;\">Mi nombre art\u00edstico naci\u00f3 de una burla, de un acto de bullying tanto del alumnado como institucional. El graffitero \u201cEl ni\u00f1o de las pinturas\u201d, que en aquel momento era muy conocido, fue la forma m\u00e1s \u201coriginal\u201d que encontraron \u2014tanto el alumnado como el profesorado\u2014 para designarme y comenzar a llamarme de forma despectiva \u00abLa chica de las pinturas\u00bb<\/span><\/p>\n<p><span style=\"font-weight: 400;\">Desde peque\u00f1a tuve un inter\u00e9s claro por el dibujo y la pintura. Me resultaba mucho m\u00e1s f\u00e1cil comunicarme con un l\u00e1piz que con las palabras. Era una ni\u00f1a muy retra\u00edda, que adem\u00e1s no encajaba con la imagen de la normatividad: me gustaban los deportes, vest\u00eda con una est\u00e9tica m\u00e1s \u201cmasculina\u201d, dibujaba todo el rato, y eso bastaba para convertirme en diana.<\/span><\/p>\n<p><span style=\"font-weight: 400;\">En el colegio claro est\u00e1 el tema del dibujo y la pintura nunca lo considerado algo que fomentar o desarrollar para \u00ablabrarme\u00bb un futuro profesional, m\u00e1s bien lo vieron como algo completamente de muy baja categor\u00eda. Ni que decir tiene que fui a un colegio privado con todo lo que eso conllevaba en cuanto al ambiente del que me rodeaba.<\/span><\/p>\n<p><span style=\"font-weight: 400;\">Conservo el registro de mi primer dibujo firmado con este seud\u00f3nimo en 2002. Por eso, mi sello lleva mi nombre, mi cara y esa fecha. Desde entonces entend\u00ed que pod\u00eda transformar el dolor en identidad: apropiarme de aquello que me her\u00eda para convertirlo en fuerza. El bullying fue brutal, y lo pas\u00e9 incre\u00edblemente mal, pero hoy ese nombre que naci\u00f3 de la burla se ha vuelto mi refugio, mi bandera y mi manera de decir que aqu\u00ed estoy, viva y dedic\u00e1ndome a ello.<\/span><\/p>\n<p><span style=\"font-weight: 400;\">Mis ilustraciones tienen todas un toque de rebeld\u00eda y acto pol\u00edtico, a veces tan sutil que pasa desapercibido. Juego tanto con la iron\u00eda que muchas veces lo que puede parecer un dibujo simple y delicado, detr\u00e1s tienen un mensaje fuerte. De esta manera consigo colar pensamientos pol\u00edticos a trav\u00e9s de la imagen a gente que estar\u00edan muy alejados de compartir los mismos ideales pol\u00edticos conmigo.<\/span><\/p>\t\t\t\t\t\t\t\t<\/div>\n\t\t\t\t<div class=\"elementor-element elementor-element-5e5711b elementor-widget elementor-widget-spacer\" data-id=\"5e5711b\" data-element_type=\"widget\" data-e-type=\"widget\" data-widget_type=\"spacer.default\">\n\t\t\t\t\t\t\t<div class=\"elementor-spacer\">\n\t\t\t<div class=\"elementor-spacer-inner\"><\/div>\n\t\t<\/div>\n\t\t\t\t\t\t<\/div>\n\t\t\t\t\t<\/div>\n\t\t\t\t<\/div>\n\t\t<div class=\"elementor-element elementor-element-9012a74 e-flex e-con-boxed e-con e-parent\" data-id=\"9012a74\" data-element_type=\"container\" data-e-type=\"container\" data-settings=\"{&quot;background_background&quot;:&quot;slideshow&quot;,&quot;background_slideshow_gallery&quot;:[{&quot;id&quot;:1342,&quot;url&quot;:&quot;https:\\\/\\\/lachicadelaspinturas.es\\\/wp-content\\\/uploads\\\/2026\\\/01\\\/1.jpg&quot;}],&quot;background_slideshow_loop&quot;:&quot;yes&quot;,&quot;background_slideshow_slide_duration&quot;:5000,&quot;background_slideshow_slide_transition&quot;:&quot;fade&quot;,&quot;background_slideshow_transition_duration&quot;:500}\">\n\t\t\t\t\t<div class=\"e-con-inner\">\n\t\t\t\t\t<\/div>\n\t\t\t\t<\/div>\n\t\t<div class=\"elementor-element elementor-element-f952cdf e-flex e-con-boxed e-con e-parent\" data-id=\"f952cdf\" data-element_type=\"container\" data-e-type=\"container\">\n\t\t\t\t\t<div class=\"e-con-inner\">\n\t\t\t\t<div class=\"elementor-element elementor-element-8f5bcb6 elementor-widget elementor-widget-spacer\" data-id=\"8f5bcb6\" data-element_type=\"widget\" data-e-type=\"widget\" data-widget_type=\"spacer.default\">\n\t\t\t\t\t\t\t<div class=\"elementor-spacer\">\n\t\t\t<div class=\"elementor-spacer-inner\"><\/div>\n\t\t<\/div>\n\t\t\t\t\t\t<\/div>\n\t\t\t\t<div class=\"elementor-element elementor-element-c7107a1 elementor-widget elementor-widget-pls-contactus\" data-id=\"c7107a1\" data-element_type=\"widget\" data-e-type=\"widget\" data-widget_type=\"pls-contactus.default\">\n\t\t\t\t<div class=\"elementor-widget-container\">\n\t\t\t\t\t<div class=\"pls-element pls-contact-us\">\n\t\t<h3> No dudes en preguntar <\/h3>\n\t\t\t<div class=\"form-description\">\n\t\t\tSi tienes alguna pregunta sobre los pedidos, productos o cualquier otra cosa no tengas reparo en preguntar.\t\t<\/div>\n\t\t\n<div class=\"wpcf7 no-js\" id=\"wpcf7-f10-o1\" lang=\"es-ES\" dir=\"ltr\" data-wpcf7-id=\"10\">\n<div class=\"screen-reader-response\"><p role=\"status\" aria-live=\"polite\" aria-atomic=\"true\"><\/p> <ul><\/ul><\/div>\n<form action=\"\/index.php?rest_route=%2Fwp%2Fv2%2Fpages%2F1406#wpcf7-f10-o1\" method=\"post\" class=\"wpcf7-form init\" aria-label=\"Formulario de contacto\" novalidate=\"novalidate\" data-status=\"init\">\n<fieldset class=\"hidden-fields-container\"><input type=\"hidden\" name=\"_wpcf7\" value=\"10\" \/><input type=\"hidden\" name=\"_wpcf7_version\" value=\"6.1.5\" \/><input type=\"hidden\" name=\"_wpcf7_locale\" value=\"es_ES\" \/><input type=\"hidden\" name=\"_wpcf7_unit_tag\" value=\"wpcf7-f10-o1\" \/><input type=\"hidden\" name=\"_wpcf7_container_post\" value=\"0\" \/><input type=\"hidden\" name=\"_wpcf7_posted_data_hash\" value=\"\" \/>\n<\/fieldset>\n<p><label> Tu nombre<br \/>\n<span class=\"wpcf7-form-control-wrap\" data-name=\"your-name\"><input size=\"40\" maxlength=\"400\" class=\"wpcf7-form-control wpcf7-text wpcf7-validates-as-required\" autocomplete=\"name\" aria-required=\"true\" aria-invalid=\"false\" value=\"\" type=\"text\" name=\"your-name\" \/><\/span> <\/label>\n<\/p>\n<p><label> Tu correo electr\u00f3nico<br \/>\n<span class=\"wpcf7-form-control-wrap\" data-name=\"your-email\"><input size=\"40\" maxlength=\"400\" class=\"wpcf7-form-control wpcf7-email wpcf7-validates-as-required wpcf7-text wpcf7-validates-as-email\" autocomplete=\"email\" aria-required=\"true\" aria-invalid=\"false\" value=\"\" type=\"email\" name=\"your-email\" \/><\/span> <\/label>\n<\/p>\n<p><label> Asunto<br \/>\n<span class=\"wpcf7-form-control-wrap\" data-name=\"your-subject\"><input size=\"40\" maxlength=\"400\" class=\"wpcf7-form-control wpcf7-text wpcf7-validates-as-required\" aria-required=\"true\" aria-invalid=\"false\" value=\"\" type=\"text\" name=\"your-subject\" \/><\/span> <\/label>\n<\/p>\n<p><label> Tu mensaje (opcional)<br \/>\n<span class=\"wpcf7-form-control-wrap\" data-name=\"your-message\"><textarea cols=\"40\" rows=\"10\" maxlength=\"2000\" class=\"wpcf7-form-control wpcf7-textarea\" aria-invalid=\"false\" name=\"your-message\"><\/textarea><\/span> <\/label>\n<\/p>\n<p><input class=\"wpcf7-form-control wpcf7-submit has-spinner\" type=\"submit\" value=\"Enviar\" \/>\n<\/p><div class=\"wpcf7-response-output\" aria-hidden=\"true\"><\/div>\n<\/form>\n<\/div>\n<\/div>\t\t\t\t<\/div>\n\t\t\t\t<\/div>\n\t\t\t\t\t<\/div>\n\t\t\t\t<\/div>\n\t\t\t\t<\/div>\n\t\t","protected":false},"excerpt":{"rendered":"<p>\u00bfQuien es La Chica de las Pinturas? Mi nombre art\u00edstico naci\u00f3 de una burla, de un acto de bullying tanto del alumnado como institucional. El graffitero \u201cEl ni\u00f1o de las<\/p>\n","protected":false},"author":1,"featured_media":0,"parent":0,"menu_order":0,"comment_status":"closed","ping_status":"closed","template":"","meta":{"footnotes":""},"class_list":["post-1406","page","type-page","status-publish","hentry"],"jetpack_sharing_enabled":true,"_links":{"self":[{"href":"https:\/\/lachicadelaspinturas.es\/index.php?rest_route=\/wp\/v2\/pages\/1406","targetHints":{"allow":["GET"]}}],"collection":[{"href":"https:\/\/lachicadelaspinturas.es\/index.php?rest_route=\/wp\/v2\/pages"}],"about":[{"href":"https:\/\/lachicadelaspinturas.es\/index.php?rest_route=\/wp\/v2\/types\/page"}],"author":[{"embeddable":true,"href":"https:\/\/lachicadelaspinturas.es\/index.php?rest_route=\/wp\/v2\/users\/1"}],"replies":[{"embeddable":true,"href":"https:\/\/lachicadelaspinturas.es\/index.php?rest_route=%2Fwp%2Fv2%2Fcomments&post=1406"}],"version-history":[{"count":10,"href":"https:\/\/lachicadelaspinturas.es\/index.php?rest_route=\/wp\/v2\/pages\/1406\/revisions"}],"predecessor-version":[{"id":1422,"href":"https:\/\/lachicadelaspinturas.es\/index.php?rest_route=\/wp\/v2\/pages\/1406\/revisions\/1422"}],"wp:attachment":[{"href":"https:\/\/lachicadelaspinturas.es\/index.php?rest_route=%2Fwp%2Fv2%2Fmedia&parent=1406"}],"curies":[{"name":"wp","href":"https:\/\/api.w.org\/{rel}","templated":true}]}}