{"id":1053,"date":"2026-01-07T16:43:13","date_gmt":"2026-01-07T16:43:13","guid":{"rendered":"https:\/\/lachicadelaspinturas.es\/?post_type=product&#038;p=1053"},"modified":"2026-03-12T21:25:22","modified_gmt":"2026-03-12T21:25:22","slug":"taza-dominator-curro-fundator","status":"publish","type":"product","link":"https:\/\/lachicadelaspinturas.es\/?product=taza-dominator-curro-fundator","title":{"rendered":"Taza DOMINATOR CURRO FUNDATOR"},"content":{"rendered":"<p><span style=\"font-weight: 400;\">Fabricada en cer\u00e1mica. 350 ml de capacidad.<\/span><span style=\"font-weight: 400;\"> Apta para microondas y lavavajillas. Blanca y brillante<\/span><\/p>\n","protected":false},"excerpt":{"rendered":"<p><span style=\"font-weight: 400;\">Andaluc\u00eda con Curro: m\u00e1s arte que H\u00e9rcules y m\u00e1s caf\u00e9 que el 92<\/span><\/p>\n","protected":false},"featured_media":1054,"comment_status":"closed","ping_status":"closed","template":"","meta":[],"product_brand":[],"product_cat":[36],"product_tag":[125,49,69,41],"class_list":{"0":"post-1053","1":"product","2":"type-product","3":"status-publish","4":"has-post-thumbnail","6":"product_cat-tazas-ceramicas","7":"product_tag-andalucia","8":"product_tag-dominatorcurrofundator","9":"product_tag-taza","10":"product_tag-varios","12":"first","13":"outofstock","14":"taxable","15":"shipping-taxable","16":"purchasable","17":"product-type-simple"},"jetpack_sharing_enabled":true,"_links":{"self":[{"href":"https:\/\/lachicadelaspinturas.es\/index.php?rest_route=\/wp\/v2\/product\/1053","targetHints":{"allow":["GET"]}}],"collection":[{"href":"https:\/\/lachicadelaspinturas.es\/index.php?rest_route=\/wp\/v2\/product"}],"about":[{"href":"https:\/\/lachicadelaspinturas.es\/index.php?rest_route=\/wp\/v2\/types\/product"}],"replies":[{"embeddable":true,"href":"https:\/\/lachicadelaspinturas.es\/index.php?rest_route=%2Fwp%2Fv2%2Fcomments&post=1053"}],"version-history":[{"count":1,"href":"https:\/\/lachicadelaspinturas.es\/index.php?rest_route=\/wp\/v2\/product\/1053\/revisions"}],"predecessor-version":[{"id":1056,"href":"https:\/\/lachicadelaspinturas.es\/index.php?rest_route=\/wp\/v2\/product\/1053\/revisions\/1056"}],"wp:featuredmedia":[{"embeddable":true,"href":"https:\/\/lachicadelaspinturas.es\/index.php?rest_route=\/wp\/v2\/media\/1054"}],"wp:attachment":[{"href":"https:\/\/lachicadelaspinturas.es\/index.php?rest_route=%2Fwp%2Fv2%2Fmedia&parent=1053"}],"wp:term":[{"taxonomy":"product_brand","embeddable":true,"href":"https:\/\/lachicadelaspinturas.es\/index.php?rest_route=%2Fwp%2Fv2%2Fproduct_brand&post=1053"},{"taxonomy":"product_cat","embeddable":true,"href":"https:\/\/lachicadelaspinturas.es\/index.php?rest_route=%2Fwp%2Fv2%2Fproduct_cat&post=1053"},{"taxonomy":"product_tag","embeddable":true,"href":"https:\/\/lachicadelaspinturas.es\/index.php?rest_route=%2Fwp%2Fv2%2Fproduct_tag&post=1053"}],"curies":[{"name":"wp","href":"https:\/\/api.w.org\/{rel}","templated":true}]}}