{"id":1096,"date":"2026-03-12T16:13:42","date_gmt":"2026-03-12T16:13:42","guid":{"rendered":"https:\/\/lachicadelaspinturas.es\/?post_type=product&#038;p=1096"},"modified":"2026-03-12T20:34:00","modified_gmt":"2026-03-12T20:34:00","slug":"print-amigas","status":"publish","type":"product","link":"https:\/\/lachicadelaspinturas.es\/?product=print-amigas","title":{"rendered":"Print AMIGAS"},"content":{"rendered":"<p><span style=\"font-weight: 400;\">Papel estucado mate de 350 gr (A6,A5,A4,A3) y papel coated mate 180 gr alta resoluci\u00f3n (A2 y A1)<\/span><\/p>\n","protected":false},"excerpt":{"rendered":"<p>-Te quiero Lola, te voy a querer toda la vida. Y en la eternidad voy a sentir <strong>como todos los dioses me est\u00e1n jaleando pa quererte m\u00e1s porque tu eres la m\u00e1s diosa de todas<\/strong><br \/>\n-He visto mucho bailar y muchas cosas grandes en mi vida, pero t\u00fa me pones la carne de gallina porque eres un ser que del que la mayor\u00eda conoce tu voz, pero no te conoce. T\u00fa eres <strong>una piedra dura de Chipiona que no se puede aguant\u00e1<\/strong><\/p>\n","protected":false},"featured_media":1097,"comment_status":"closed","ping_status":"closed","template":"","meta":[],"product_brand":[],"product_cat":[26],"product_tag":[79,78],"class_list":{"0":"post-1096","1":"product","2":"type-product","3":"status-publish","4":"has-post-thumbnail","6":"product_cat-prints","7":"product_tag-amigas","8":"product_tag-print","10":"first","11":"instock","12":"taxable","13":"shipping-taxable","14":"purchasable","15":"product-type-variable"},"jetpack_sharing_enabled":true,"_links":{"self":[{"href":"https:\/\/lachicadelaspinturas.es\/index.php?rest_route=\/wp\/v2\/product\/1096","targetHints":{"allow":["GET"]}}],"collection":[{"href":"https:\/\/lachicadelaspinturas.es\/index.php?rest_route=\/wp\/v2\/product"}],"about":[{"href":"https:\/\/lachicadelaspinturas.es\/index.php?rest_route=\/wp\/v2\/types\/product"}],"replies":[{"embeddable":true,"href":"https:\/\/lachicadelaspinturas.es\/index.php?rest_route=%2Fwp%2Fv2%2Fcomments&post=1096"}],"version-history":[{"count":4,"href":"https:\/\/lachicadelaspinturas.es\/index.php?rest_route=\/wp\/v2\/product\/1096\/revisions"}],"predecessor-version":[{"id":3000,"href":"https:\/\/lachicadelaspinturas.es\/index.php?rest_route=\/wp\/v2\/product\/1096\/revisions\/3000"}],"wp:featuredmedia":[{"embeddable":true,"href":"https:\/\/lachicadelaspinturas.es\/index.php?rest_route=\/wp\/v2\/media\/1097"}],"wp:attachment":[{"href":"https:\/\/lachicadelaspinturas.es\/index.php?rest_route=%2Fwp%2Fv2%2Fmedia&parent=1096"}],"wp:term":[{"taxonomy":"product_brand","embeddable":true,"href":"https:\/\/lachicadelaspinturas.es\/index.php?rest_route=%2Fwp%2Fv2%2Fproduct_brand&post=1096"},{"taxonomy":"product_cat","embeddable":true,"href":"https:\/\/lachicadelaspinturas.es\/index.php?rest_route=%2Fwp%2Fv2%2Fproduct_cat&post=1096"},{"taxonomy":"product_tag","embeddable":true,"href":"https:\/\/lachicadelaspinturas.es\/index.php?rest_route=%2Fwp%2Fv2%2Fproduct_tag&post=1096"}],"curies":[{"name":"wp","href":"https:\/\/api.w.org\/{rel}","templated":true}]}}