{"id":1140,"date":"2026-01-07T17:30:23","date_gmt":"2026-01-07T17:30:23","guid":{"rendered":"https:\/\/lachicadelaspinturas.es\/?post_type=product&#038;p=1140"},"modified":"2026-03-12T21:05:32","modified_gmt":"2026-03-12T21:05:32","slug":"print-costurera","status":"publish","type":"product","link":"https:\/\/lachicadelaspinturas.es\/?product=print-costurera","title":{"rendered":"Print COSTURERA"},"content":{"rendered":"<p><span style=\"font-weight: 400;\">Papel estucado mate de 350 gr<\/span><\/p>\n","protected":false},"excerpt":{"rendered":"<p>\u3030\ufe0fEn estos d\u00edas de carnavales, me surge el impulso de dar valor y vislumbrar los trabajos hist\u00f3ricamente feminizados e infravalorado. La costura, los cuidados y los afectos son parte de este mundo que hacen que la vida merezca la pena ser vivida. Como en la cotidianidad, los carnavales no pod\u00edan existir sin estos trabajos. Por eso, hoy quiero reivindicar el papel de las mujeres en este mundo, que siempre han estado pero que quiz\u00e1 no hemos sabido valorar.<br \/>\n\ud83d\udd38\ufe0fLas mujeres hemos formado parte de los carnavales, pero mayoritariamente relacionadas con un \u00e1mbito privado y de cuidados. No se trata solo de que las mujeres tengan su sitio en las tablas, sino de ampliar la mirada y reconocer el importante papel y lugar que tienen a lo largo de la historia, honrando los trabajos de cuidado y universalizarlos, d\u00e1ndoles la importancia que se merecen, as\u00ed como que sean despempe\u00f1ados por toda la sociedad. Sin los cuidados, sin la costura, es decir, sin el sost\u00e9n de la vida nada puede existir.<br \/>\n\u25aa\ufe0f\ud83d\udc9cPor un feminismo de cuidados, de las de abajo, de las que cuidan\ud83d\udc9c\u25aa\ufe0f<br \/>\n\u2b50\ufe0fP:D: No todas las mujeres en las tablas generan discursos por la justicia social por el hecho de serlo.<\/p>\n","protected":false},"featured_media":1141,"comment_status":"closed","ping_status":"closed","template":"","meta":[],"product_brand":[],"product_cat":[26],"product_tag":[128,81,78],"class_list":{"0":"post-1140","1":"product","2":"type-product","3":"status-publish","4":"has-post-thumbnail","6":"product_cat-prints","7":"product_tag-carnaval","8":"product_tag-costurera","9":"product_tag-print","11":"first","12":"instock","13":"taxable","14":"shipping-taxable","15":"purchasable","16":"product-type-variable"},"jetpack_sharing_enabled":true,"_links":{"self":[{"href":"https:\/\/lachicadelaspinturas.es\/index.php?rest_route=\/wp\/v2\/product\/1140","targetHints":{"allow":["GET"]}}],"collection":[{"href":"https:\/\/lachicadelaspinturas.es\/index.php?rest_route=\/wp\/v2\/product"}],"about":[{"href":"https:\/\/lachicadelaspinturas.es\/index.php?rest_route=\/wp\/v2\/types\/product"}],"replies":[{"embeddable":true,"href":"https:\/\/lachicadelaspinturas.es\/index.php?rest_route=%2Fwp%2Fv2%2Fcomments&post=1140"}],"version-history":[{"count":3,"href":"https:\/\/lachicadelaspinturas.es\/index.php?rest_route=\/wp\/v2\/product\/1140\/revisions"}],"predecessor-version":[{"id":3020,"href":"https:\/\/lachicadelaspinturas.es\/index.php?rest_route=\/wp\/v2\/product\/1140\/revisions\/3020"}],"wp:featuredmedia":[{"embeddable":true,"href":"https:\/\/lachicadelaspinturas.es\/index.php?rest_route=\/wp\/v2\/media\/1141"}],"wp:attachment":[{"href":"https:\/\/lachicadelaspinturas.es\/index.php?rest_route=%2Fwp%2Fv2%2Fmedia&parent=1140"}],"wp:term":[{"taxonomy":"product_brand","embeddable":true,"href":"https:\/\/lachicadelaspinturas.es\/index.php?rest_route=%2Fwp%2Fv2%2Fproduct_brand&post=1140"},{"taxonomy":"product_cat","embeddable":true,"href":"https:\/\/lachicadelaspinturas.es\/index.php?rest_route=%2Fwp%2Fv2%2Fproduct_cat&post=1140"},{"taxonomy":"product_tag","embeddable":true,"href":"https:\/\/lachicadelaspinturas.es\/index.php?rest_route=%2Fwp%2Fv2%2Fproduct_tag&post=1140"}],"curies":[{"name":"wp","href":"https:\/\/api.w.org\/{rel}","templated":true}]}}