{"id":1185,"date":"2026-01-07T18:24:32","date_gmt":"2026-01-07T18:24:32","guid":{"rendered":"https:\/\/lachicadelaspinturas.es\/?post_type=product&#038;p=1185"},"modified":"2026-03-12T21:12:36","modified_gmt":"2026-03-12T21:12:36","slug":"print-macarena","status":"publish","type":"product","link":"https:\/\/lachicadelaspinturas.es\/?product=print-macarena","title":{"rendered":"Print OJU SHIQUILLA QUE PEON\u00c1"},"content":{"rendered":"<p><span style=\"font-weight: 400;\">Papel estucado mate de 350 gr (A5,A4,A3) y papel coated mate 180 gr alta resoluci\u00f3n (A2 y A1)<\/span><\/p>\n","protected":false},"excerpt":{"rendered":"<p>Estoy bardaita. Esto no est\u00e1 pagado. Malita de los nervio me tienen. Ni una servesita tranquila se pue tom\u00e1 una. Ara la calle est\u00e1 cort\u00e1 por una cofrad\u00eda. Esto ante no pasaba. No pueo m\u00e1. Me est\u00e1 oliendo asta er sud\u00f3 que nunca ma ol\u00edo<\/p>\n","protected":false},"featured_media":1177,"comment_status":"closed","ping_status":"closed","template":"","meta":[],"product_brand":[],"product_cat":[26],"product_tag":[125,83,78],"class_list":{"0":"post-1185","1":"product","2":"type-product","3":"status-publish","4":"has-post-thumbnail","6":"product_cat-prints","7":"product_tag-andalucia","8":"product_tag-macarena","9":"product_tag-print","11":"first","12":"instock","13":"taxable","14":"shipping-taxable","15":"purchasable","16":"product-type-variable"},"jetpack_sharing_enabled":true,"_links":{"self":[{"href":"https:\/\/lachicadelaspinturas.es\/index.php?rest_route=\/wp\/v2\/product\/1185","targetHints":{"allow":["GET"]}}],"collection":[{"href":"https:\/\/lachicadelaspinturas.es\/index.php?rest_route=\/wp\/v2\/product"}],"about":[{"href":"https:\/\/lachicadelaspinturas.es\/index.php?rest_route=\/wp\/v2\/types\/product"}],"replies":[{"embeddable":true,"href":"https:\/\/lachicadelaspinturas.es\/index.php?rest_route=%2Fwp%2Fv2%2Fcomments&post=1185"}],"version-history":[{"count":3,"href":"https:\/\/lachicadelaspinturas.es\/index.php?rest_route=\/wp\/v2\/product\/1185\/revisions"}],"predecessor-version":[{"id":3007,"href":"https:\/\/lachicadelaspinturas.es\/index.php?rest_route=\/wp\/v2\/product\/1185\/revisions\/3007"}],"wp:featuredmedia":[{"embeddable":true,"href":"https:\/\/lachicadelaspinturas.es\/index.php?rest_route=\/wp\/v2\/media\/1177"}],"wp:attachment":[{"href":"https:\/\/lachicadelaspinturas.es\/index.php?rest_route=%2Fwp%2Fv2%2Fmedia&parent=1185"}],"wp:term":[{"taxonomy":"product_brand","embeddable":true,"href":"https:\/\/lachicadelaspinturas.es\/index.php?rest_route=%2Fwp%2Fv2%2Fproduct_brand&post=1185"},{"taxonomy":"product_cat","embeddable":true,"href":"https:\/\/lachicadelaspinturas.es\/index.php?rest_route=%2Fwp%2Fv2%2Fproduct_cat&post=1185"},{"taxonomy":"product_tag","embeddable":true,"href":"https:\/\/lachicadelaspinturas.es\/index.php?rest_route=%2Fwp%2Fv2%2Fproduct_tag&post=1185"}],"curies":[{"name":"wp","href":"https:\/\/api.w.org\/{rel}","templated":true}]}}