{"id":1474,"date":"2026-02-09T17:11:48","date_gmt":"2026-02-09T17:11:48","guid":{"rendered":"https:\/\/lachicadelaspinturas.es\/?post_type=product&#038;p=1474"},"modified":"2026-03-12T22:14:09","modified_gmt":"2026-03-12T22:14:09","slug":"pegatina-relio","status":"publish","type":"product","link":"https:\/\/lachicadelaspinturas.es\/?product=pegatina-relio","title":{"rendered":"Pegatina RELIO"},"content":{"rendered":"<p><span style=\"font-weight: 400;\">Pegatina vin\u00edlica de gran tama\u00f1o resistente a luz, agua y mierda de p\u00e1jaro. Ideal para pegar en el coche, bicicleta, patinetes, ordenador, nevera, botella de agua, etc.\u00a0<\/span><\/p>\n<p><span style=\"font-weight: 400;\">82 x 95 mm<\/span><\/p>\n","protected":false},"excerpt":{"rendered":"<p>Rel\u00edo. La \u00faltima y nos vamos&#8230;. lo prometo<\/p>\n","protected":false},"featured_media":1475,"comment_status":"closed","ping_status":"closed","template":"","meta":[],"product_brand":[],"product_cat":[91],"product_tag":[125,126,93,58,41],"class_list":{"0":"post-1474","1":"product","2":"type-product","3":"status-publish","4":"has-post-thumbnail","6":"product_cat-pegatinas","7":"product_tag-andalucia","8":"product_tag-palabra","9":"product_tag-pegatinas","10":"product_tag-relio","11":"product_tag-varios","13":"first","14":"instock","15":"taxable","16":"shipping-taxable","17":"purchasable","18":"product-type-simple"},"jetpack_sharing_enabled":true,"_links":{"self":[{"href":"https:\/\/lachicadelaspinturas.es\/index.php?rest_route=\/wp\/v2\/product\/1474","targetHints":{"allow":["GET"]}}],"collection":[{"href":"https:\/\/lachicadelaspinturas.es\/index.php?rest_route=\/wp\/v2\/product"}],"about":[{"href":"https:\/\/lachicadelaspinturas.es\/index.php?rest_route=\/wp\/v2\/types\/product"}],"replies":[{"embeddable":true,"href":"https:\/\/lachicadelaspinturas.es\/index.php?rest_route=%2Fwp%2Fv2%2Fcomments&post=1474"}],"version-history":[{"count":3,"href":"https:\/\/lachicadelaspinturas.es\/index.php?rest_route=\/wp\/v2\/product\/1474\/revisions"}],"predecessor-version":[{"id":3046,"href":"https:\/\/lachicadelaspinturas.es\/index.php?rest_route=\/wp\/v2\/product\/1474\/revisions\/3046"}],"wp:featuredmedia":[{"embeddable":true,"href":"https:\/\/lachicadelaspinturas.es\/index.php?rest_route=\/wp\/v2\/media\/1475"}],"wp:attachment":[{"href":"https:\/\/lachicadelaspinturas.es\/index.php?rest_route=%2Fwp%2Fv2%2Fmedia&parent=1474"}],"wp:term":[{"taxonomy":"product_brand","embeddable":true,"href":"https:\/\/lachicadelaspinturas.es\/index.php?rest_route=%2Fwp%2Fv2%2Fproduct_brand&post=1474"},{"taxonomy":"product_cat","embeddable":true,"href":"https:\/\/lachicadelaspinturas.es\/index.php?rest_route=%2Fwp%2Fv2%2Fproduct_cat&post=1474"},{"taxonomy":"product_tag","embeddable":true,"href":"https:\/\/lachicadelaspinturas.es\/index.php?rest_route=%2Fwp%2Fv2%2Fproduct_tag&post=1474"}],"curies":[{"name":"wp","href":"https:\/\/api.w.org\/{rel}","templated":true}]}}