{"id":1486,"date":"2026-02-09T17:24:45","date_gmt":"2026-02-09T17:24:45","guid":{"rendered":"https:\/\/lachicadelaspinturas.es\/?post_type=product&#038;p=1486"},"modified":"2026-03-12T22:10:17","modified_gmt":"2026-03-12T22:10:17","slug":"pegatina-lorca","status":"publish","type":"product","link":"https:\/\/lachicadelaspinturas.es\/?product=pegatina-lorca","title":{"rendered":"Pegatina LORCA"},"content":{"rendered":"<p>Pegatina vin\u00edlica de gran tama\u00f1o resistente a luz, agua y mierda de p\u00e1jaro. Ideal para pegar en el coche, bicicleta, patinetes, ordenador, nevera, botella de agua, etc.<\/p>\n<p>90 x 78 mm<\/p>\n","protected":false},"excerpt":{"rendered":"<p>Pegatina vin\u00edlica de gran tama\u00f1o resistente a luz, agua y mierda de p\u00e1jaro. Ideal para pegar en el coche, bicicleta, patinetes, ordenador, nevera, botella de agua, etc. 90 x 78<\/p>\n","protected":false},"featured_media":1487,"comment_status":"closed","ping_status":"closed","template":"","meta":[],"product_brand":[],"product_cat":[91],"product_tag":[125,51,93,41],"class_list":{"0":"post-1486","1":"product","2":"type-product","3":"status-publish","4":"has-post-thumbnail","6":"product_cat-pegatinas","7":"product_tag-andalucia","8":"product_tag-lorca","9":"product_tag-pegatinas","10":"product_tag-varios","12":"first","13":"instock","14":"taxable","15":"shipping-taxable","16":"purchasable","17":"product-type-simple"},"jetpack_sharing_enabled":true,"_links":{"self":[{"href":"https:\/\/lachicadelaspinturas.es\/index.php?rest_route=\/wp\/v2\/product\/1486","targetHints":{"allow":["GET"]}}],"collection":[{"href":"https:\/\/lachicadelaspinturas.es\/index.php?rest_route=\/wp\/v2\/product"}],"about":[{"href":"https:\/\/lachicadelaspinturas.es\/index.php?rest_route=\/wp\/v2\/types\/product"}],"replies":[{"embeddable":true,"href":"https:\/\/lachicadelaspinturas.es\/index.php?rest_route=%2Fwp%2Fv2%2Fcomments&post=1486"}],"version-history":[{"count":2,"href":"https:\/\/lachicadelaspinturas.es\/index.php?rest_route=\/wp\/v2\/product\/1486\/revisions"}],"predecessor-version":[{"id":1498,"href":"https:\/\/lachicadelaspinturas.es\/index.php?rest_route=\/wp\/v2\/product\/1486\/revisions\/1498"}],"wp:featuredmedia":[{"embeddable":true,"href":"https:\/\/lachicadelaspinturas.es\/index.php?rest_route=\/wp\/v2\/media\/1487"}],"wp:attachment":[{"href":"https:\/\/lachicadelaspinturas.es\/index.php?rest_route=%2Fwp%2Fv2%2Fmedia&parent=1486"}],"wp:term":[{"taxonomy":"product_brand","embeddable":true,"href":"https:\/\/lachicadelaspinturas.es\/index.php?rest_route=%2Fwp%2Fv2%2Fproduct_brand&post=1486"},{"taxonomy":"product_cat","embeddable":true,"href":"https:\/\/lachicadelaspinturas.es\/index.php?rest_route=%2Fwp%2Fv2%2Fproduct_cat&post=1486"},{"taxonomy":"product_tag","embeddable":true,"href":"https:\/\/lachicadelaspinturas.es\/index.php?rest_route=%2Fwp%2Fv2%2Fproduct_tag&post=1486"}],"curies":[{"name":"wp","href":"https:\/\/api.w.org\/{rel}","templated":true}]}}