{"id":1493,"date":"2026-02-09T17:30:05","date_gmt":"2026-02-09T17:30:05","guid":{"rendered":"https:\/\/lachicadelaspinturas.es\/?post_type=product&#038;p=1493"},"modified":"2026-03-12T22:02:21","modified_gmt":"2026-03-12T22:02:21","slug":"pegatina-bollo-drama","status":"publish","type":"product","link":"https:\/\/lachicadelaspinturas.es\/?product=pegatina-bollo-drama","title":{"rendered":"Pegatina QUE SE TE NOTE LO BOLLERA"},"content":{"rendered":"<p>Pegatina vin\u00edlica de gran tama\u00f1o resistente a luz, agua y mierda de p\u00e1jaro. Ideal para pegar en el coche, bicicleta, patinetes, ordenador, nevera, botella de agua, etc.<\/p>\n<p>78 X 80 mm<\/p>\n","protected":false},"excerpt":{"rendered":"<p>\u2728\ufe0fBOLLERA\u2728\ufe0f<br \/>\nCon todas sus letras y todo su peso y prejuicio, si soy.<br \/>\nAbordo la vida as\u00ed y desde ah\u00ed.<br \/>\nQue se os note lo bollera amigas \ud83e\udef6<\/p>\n","protected":false},"featured_media":1494,"comment_status":"closed","ping_status":"closed","template":"","meta":[],"product_brand":[],"product_cat":[91],"product_tag":[127,93,87,48,41],"class_list":{"0":"post-1493","1":"product","2":"type-product","3":"status-publish","4":"has-post-thumbnail","6":"product_cat-pegatinas","7":"product_tag-bollera","8":"product_tag-pegatinas","9":"product_tag-queer","10":"product_tag-quesenotelobollera","11":"product_tag-varios","13":"first","14":"instock","15":"taxable","16":"shipping-taxable","17":"purchasable","18":"product-type-simple"},"jetpack_sharing_enabled":true,"_links":{"self":[{"href":"https:\/\/lachicadelaspinturas.es\/index.php?rest_route=\/wp\/v2\/product\/1493","targetHints":{"allow":["GET"]}}],"collection":[{"href":"https:\/\/lachicadelaspinturas.es\/index.php?rest_route=\/wp\/v2\/product"}],"about":[{"href":"https:\/\/lachicadelaspinturas.es\/index.php?rest_route=\/wp\/v2\/types\/product"}],"replies":[{"embeddable":true,"href":"https:\/\/lachicadelaspinturas.es\/index.php?rest_route=%2Fwp%2Fv2%2Fcomments&post=1493"}],"version-history":[{"count":3,"href":"https:\/\/lachicadelaspinturas.es\/index.php?rest_route=\/wp\/v2\/product\/1493\/revisions"}],"predecessor-version":[{"id":3042,"href":"https:\/\/lachicadelaspinturas.es\/index.php?rest_route=\/wp\/v2\/product\/1493\/revisions\/3042"}],"wp:featuredmedia":[{"embeddable":true,"href":"https:\/\/lachicadelaspinturas.es\/index.php?rest_route=\/wp\/v2\/media\/1494"}],"wp:attachment":[{"href":"https:\/\/lachicadelaspinturas.es\/index.php?rest_route=%2Fwp%2Fv2%2Fmedia&parent=1493"}],"wp:term":[{"taxonomy":"product_brand","embeddable":true,"href":"https:\/\/lachicadelaspinturas.es\/index.php?rest_route=%2Fwp%2Fv2%2Fproduct_brand&post=1493"},{"taxonomy":"product_cat","embeddable":true,"href":"https:\/\/lachicadelaspinturas.es\/index.php?rest_route=%2Fwp%2Fv2%2Fproduct_cat&post=1493"},{"taxonomy":"product_tag","embeddable":true,"href":"https:\/\/lachicadelaspinturas.es\/index.php?rest_route=%2Fwp%2Fv2%2Fproduct_tag&post=1493"}],"curies":[{"name":"wp","href":"https:\/\/api.w.org\/{rel}","templated":true}]}}