{"id":1531,"date":"2026-02-10T10:12:31","date_gmt":"2026-02-10T10:12:31","guid":{"rendered":"https:\/\/lachicadelaspinturas.es\/?post_type=product&#038;p=1531"},"modified":"2026-03-12T21:53:32","modified_gmt":"2026-03-12T21:53:32","slug":"llavero-ole-las-guapas","status":"publish","type":"product","link":"https:\/\/lachicadelaspinturas.es\/?product=llavero-ole-las-guapas","title":{"rendered":"Llavero OLE LAS GUAPAS"},"content":{"rendered":"<p><span style=\"font-weight: 400;\">Impresos a todo color en un lado sobre acr\u00edlicos vienen completamente ensamblados con un cierre a presi\u00f3n transparente y un llavero de acero inoxidable. Ligeros, duraderos y f\u00e1ciles de transportar<\/span><\/p>\n","protected":false},"excerpt":{"rendered":"<p>\ud83d\udd25OLE LAS GUAPAS\ud83d\udd25<br \/>\nComo forma de reconocer la valent\u00eda, el arte y la grandeza de las que se atreven a mostrarse tal y como son.<br \/>\nAnte este mundo que jerarquiza cuerpos, donde la heteronorma occidental definen los c\u00e1nones de la belleza, el flamenco siempre ha sido un punto de fuga, un resquicio donde existir con la verdad de una, que es propia pero tambi\u00e9n compart\u00eda.<br \/>\n\ud83d\udd25OLE LAS GUAPAS\ud83d\udd25<br \/>\nReivindica los jaleos sent\u00edos a la irreverencia de las mujeres que se salen de la norma establecida. Abre un lugar donde engrandecer las hechuras flamencas rebeldes al canon. Es un grito de memoria a todas las que fueron, pero tambi\u00e9n una respuesta rebelde a lo que nos obligan a ser.<br \/>\n\ud83d\udd25OLE LAS GUAPAS\ud83d\udd25<br \/>\nSe abre paso entre el flamenco mas blanqueado que busca cuerpos consumibles para reconocer la diversidad, las hondura, la gitaner\u00eda. Es una forma de contestar que somos porque existimos.<\/p>\n","protected":false},"featured_media":1532,"comment_status":"closed","ping_status":"closed","template":"","meta":[],"product_brand":[],"product_cat":[92],"product_tag":[125,94,46,41],"class_list":{"0":"post-1531","1":"product","2":"type-product","3":"status-publish","4":"has-post-thumbnail","6":"product_cat-llaveros","7":"product_tag-andalucia","8":"product_tag-llavero","9":"product_tag-olelasguapa","10":"product_tag-varios","12":"first","13":"instock","14":"taxable","15":"shipping-taxable","16":"purchasable","17":"product-type-simple"},"jetpack_sharing_enabled":true,"_links":{"self":[{"href":"https:\/\/lachicadelaspinturas.es\/index.php?rest_route=\/wp\/v2\/product\/1531","targetHints":{"allow":["GET"]}}],"collection":[{"href":"https:\/\/lachicadelaspinturas.es\/index.php?rest_route=\/wp\/v2\/product"}],"about":[{"href":"https:\/\/lachicadelaspinturas.es\/index.php?rest_route=\/wp\/v2\/types\/product"}],"replies":[{"embeddable":true,"href":"https:\/\/lachicadelaspinturas.es\/index.php?rest_route=%2Fwp%2Fv2%2Fcomments&post=1531"}],"version-history":[{"count":3,"href":"https:\/\/lachicadelaspinturas.es\/index.php?rest_route=\/wp\/v2\/product\/1531\/revisions"}],"predecessor-version":[{"id":3038,"href":"https:\/\/lachicadelaspinturas.es\/index.php?rest_route=\/wp\/v2\/product\/1531\/revisions\/3038"}],"wp:featuredmedia":[{"embeddable":true,"href":"https:\/\/lachicadelaspinturas.es\/index.php?rest_route=\/wp\/v2\/media\/1532"}],"wp:attachment":[{"href":"https:\/\/lachicadelaspinturas.es\/index.php?rest_route=%2Fwp%2Fv2%2Fmedia&parent=1531"}],"wp:term":[{"taxonomy":"product_brand","embeddable":true,"href":"https:\/\/lachicadelaspinturas.es\/index.php?rest_route=%2Fwp%2Fv2%2Fproduct_brand&post=1531"},{"taxonomy":"product_cat","embeddable":true,"href":"https:\/\/lachicadelaspinturas.es\/index.php?rest_route=%2Fwp%2Fv2%2Fproduct_cat&post=1531"},{"taxonomy":"product_tag","embeddable":true,"href":"https:\/\/lachicadelaspinturas.es\/index.php?rest_route=%2Fwp%2Fv2%2Fproduct_tag&post=1531"}],"curies":[{"name":"wp","href":"https:\/\/api.w.org\/{rel}","templated":true}]}}