{"id":1542,"date":"2026-02-10T10:28:18","date_gmt":"2026-02-10T10:28:18","guid":{"rendered":"https:\/\/lachicadelaspinturas.es\/?post_type=product&#038;p=1542"},"modified":"2026-03-12T21:48:21","modified_gmt":"2026-03-12T21:48:21","slug":"llavero-quejio","status":"publish","type":"product","link":"https:\/\/lachicadelaspinturas.es\/?product=llavero-quejio","title":{"rendered":"Llavero QUEJ\u00cdO"},"content":{"rendered":"<p><span style=\"font-weight: 400;\">Impresos a todo color en un lado sobre acr\u00edlicos vienen completamente ensamblados con un cierre a presi\u00f3n transparente y un llavero de acero inoxidable. Ligeros, duraderos y f\u00e1ciles de transportar.<\/span><\/p>\n","protected":false},"excerpt":{"rendered":"<p>Impresos a todo color en un lado sobre acr\u00edlicos vienen completamente ensamblados con un cierre a presi\u00f3n transparente y un llavero de acero inoxidable. Ligeros, duraderos y f\u00e1ciles de transportar.<\/p>\n","protected":false},"featured_media":1543,"comment_status":"closed","ping_status":"closed","template":"","meta":[],"product_brand":[],"product_cat":[92],"product_tag":[125,94,126,56,41],"class_list":{"0":"post-1542","1":"product","2":"type-product","3":"status-publish","4":"has-post-thumbnail","6":"product_cat-llaveros","7":"product_tag-andalucia","8":"product_tag-llavero","9":"product_tag-palabra","10":"product_tag-quejio","11":"product_tag-varios","13":"first","14":"instock","15":"taxable","16":"shipping-taxable","17":"purchasable","18":"product-type-simple"},"jetpack_sharing_enabled":true,"_links":{"self":[{"href":"https:\/\/lachicadelaspinturas.es\/index.php?rest_route=\/wp\/v2\/product\/1542","targetHints":{"allow":["GET"]}}],"collection":[{"href":"https:\/\/lachicadelaspinturas.es\/index.php?rest_route=\/wp\/v2\/product"}],"about":[{"href":"https:\/\/lachicadelaspinturas.es\/index.php?rest_route=\/wp\/v2\/types\/product"}],"replies":[{"embeddable":true,"href":"https:\/\/lachicadelaspinturas.es\/index.php?rest_route=%2Fwp%2Fv2%2Fcomments&post=1542"}],"version-history":[{"count":2,"href":"https:\/\/lachicadelaspinturas.es\/index.php?rest_route=\/wp\/v2\/product\/1542\/revisions"}],"predecessor-version":[{"id":3034,"href":"https:\/\/lachicadelaspinturas.es\/index.php?rest_route=\/wp\/v2\/product\/1542\/revisions\/3034"}],"wp:featuredmedia":[{"embeddable":true,"href":"https:\/\/lachicadelaspinturas.es\/index.php?rest_route=\/wp\/v2\/media\/1543"}],"wp:attachment":[{"href":"https:\/\/lachicadelaspinturas.es\/index.php?rest_route=%2Fwp%2Fv2%2Fmedia&parent=1542"}],"wp:term":[{"taxonomy":"product_brand","embeddable":true,"href":"https:\/\/lachicadelaspinturas.es\/index.php?rest_route=%2Fwp%2Fv2%2Fproduct_brand&post=1542"},{"taxonomy":"product_cat","embeddable":true,"href":"https:\/\/lachicadelaspinturas.es\/index.php?rest_route=%2Fwp%2Fv2%2Fproduct_cat&post=1542"},{"taxonomy":"product_tag","embeddable":true,"href":"https:\/\/lachicadelaspinturas.es\/index.php?rest_route=%2Fwp%2Fv2%2Fproduct_tag&post=1542"}],"curies":[{"name":"wp","href":"https:\/\/api.w.org\/{rel}","templated":true}]}}