{"id":225,"date":"2025-11-28T19:05:53","date_gmt":"2025-11-28T19:05:53","guid":{"rendered":"https:\/\/lachicadelaspinturas.es\/?post_type=product&#038;p=225"},"modified":"2026-03-12T23:42:47","modified_gmt":"2026-03-12T23:42:47","slug":"calendario-2026","status":"publish","type":"product","link":"https:\/\/lachicadelaspinturas.es\/?product=calendario-2026","title":{"rendered":"Calendario 2026"},"content":{"rendered":"<p><span style=\"font-weight: 400;\">Tama\u00f1o A3 formato vertical con espiral met\u00e1lica en la parte superior facilitando el paso de las p\u00e1ginas y gancho incorporado para colgarlo directamente en la pared. Impreso en papel estucado de 150 gr.<\/span><\/p>\n<p>&nbsp;<\/p>\n","protected":false},"excerpt":{"rendered":"<p><span style=\"font-weight: 400;\">Dise\u00f1ados para ser colgados en paredes de casas u oficinas donde quieras que te acompa\u00f1e. <\/span>Ilustrado cada mes con dibujos y fechas relevantes necesarias de ser recordadas.<\/p>\n","protected":false},"featured_media":264,"comment_status":"closed","ping_status":"closed","template":"","meta":[],"product_brand":[],"product_cat":[38],"product_tag":[39,40,41],"class_list":{"0":"post-225","1":"product","2":"type-product","3":"status-publish","4":"has-post-thumbnail","6":"product_cat-calendario","7":"product_tag-calendario","8":"product_tag-merchan","9":"product_tag-varios","11":"first","12":"instock","13":"taxable","14":"shipping-taxable","15":"purchasable","16":"product-type-simple"},"jetpack_sharing_enabled":true,"_links":{"self":[{"href":"https:\/\/lachicadelaspinturas.es\/index.php?rest_route=\/wp\/v2\/product\/225","targetHints":{"allow":["GET"]}}],"collection":[{"href":"https:\/\/lachicadelaspinturas.es\/index.php?rest_route=\/wp\/v2\/product"}],"about":[{"href":"https:\/\/lachicadelaspinturas.es\/index.php?rest_route=\/wp\/v2\/types\/product"}],"replies":[{"embeddable":true,"href":"https:\/\/lachicadelaspinturas.es\/index.php?rest_route=%2Fwp%2Fv2%2Fcomments&post=225"}],"version-history":[{"count":3,"href":"https:\/\/lachicadelaspinturas.es\/index.php?rest_route=\/wp\/v2\/product\/225\/revisions"}],"predecessor-version":[{"id":244,"href":"https:\/\/lachicadelaspinturas.es\/index.php?rest_route=\/wp\/v2\/product\/225\/revisions\/244"}],"wp:featuredmedia":[{"embeddable":true,"href":"https:\/\/lachicadelaspinturas.es\/index.php?rest_route=\/wp\/v2\/media\/264"}],"wp:attachment":[{"href":"https:\/\/lachicadelaspinturas.es\/index.php?rest_route=%2Fwp%2Fv2%2Fmedia&parent=225"}],"wp:term":[{"taxonomy":"product_brand","embeddable":true,"href":"https:\/\/lachicadelaspinturas.es\/index.php?rest_route=%2Fwp%2Fv2%2Fproduct_brand&post=225"},{"taxonomy":"product_cat","embeddable":true,"href":"https:\/\/lachicadelaspinturas.es\/index.php?rest_route=%2Fwp%2Fv2%2Fproduct_cat&post=225"},{"taxonomy":"product_tag","embeddable":true,"href":"https:\/\/lachicadelaspinturas.es\/index.php?rest_route=%2Fwp%2Fv2%2Fproduct_tag&post=225"}],"curies":[{"name":"wp","href":"https:\/\/api.w.org\/{rel}","templated":true}]}}