{"id":2665,"date":"2026-02-11T12:35:21","date_gmt":"2026-02-11T12:35:21","guid":{"rendered":"https:\/\/lachicadelaspinturas.es\/?post_type=product&#038;p=2665"},"modified":"2026-02-11T12:35:21","modified_gmt":"2026-02-11T12:35:21","slug":"sudadera-con-capucha-pueblo-gitano","status":"publish","type":"product","link":"https:\/\/lachicadelaspinturas.es\/?product=sudadera-con-capucha-pueblo-gitano","title":{"rendered":"Sudadera con Capucha PUEBLO GITANO"},"content":{"rendered":"<p><span style=\"font-weight: 400;\">Impresas por DTF, 60% algod\u00f3n 40% poli\u00e9ster reciclado y gramaje de 290 gr aprox. Con un peque\u00f1o detalle en la parte delantera y la ilustraci\u00f3n en gran tama\u00f1o por detr\u00e1s.<\/span><\/p>\n","protected":false},"excerpt":{"rendered":"<p>Impresas por DTF, 60% algod\u00f3n 40% poli\u00e9ster reciclado y gramaje de 290 gr aprox. Con un peque\u00f1o detalle en la parte delantera y la ilustraci\u00f3n en gran tama\u00f1o por detr\u00e1s.<\/p>\n","protected":false},"featured_media":2667,"comment_status":"closed","ping_status":"closed","template":"","meta":[],"product_brand":[],"product_cat":[31],"product_tag":[86,43,63],"class_list":{"0":"post-2665","1":"product","2":"type-product","3":"status-publish","4":"has-post-thumbnail","6":"product_cat-sudadera-con-capucha","7":"product_tag-pueblogitano","8":"product_tag-ropa","9":"product_tag-sudaderacapucha","11":"first","12":"instock","13":"taxable","14":"shipping-taxable","15":"purchasable","16":"product-type-variable"},"jetpack_sharing_enabled":true,"_links":{"self":[{"href":"https:\/\/lachicadelaspinturas.es\/index.php?rest_route=\/wp\/v2\/product\/2665","targetHints":{"allow":["GET"]}}],"collection":[{"href":"https:\/\/lachicadelaspinturas.es\/index.php?rest_route=\/wp\/v2\/product"}],"about":[{"href":"https:\/\/lachicadelaspinturas.es\/index.php?rest_route=\/wp\/v2\/types\/product"}],"replies":[{"embeddable":true,"href":"https:\/\/lachicadelaspinturas.es\/index.php?rest_route=%2Fwp%2Fv2%2Fcomments&post=2665"}],"version-history":[{"count":1,"href":"https:\/\/lachicadelaspinturas.es\/index.php?rest_route=\/wp\/v2\/product\/2665\/revisions"}],"predecessor-version":[{"id":2671,"href":"https:\/\/lachicadelaspinturas.es\/index.php?rest_route=\/wp\/v2\/product\/2665\/revisions\/2671"}],"wp:featuredmedia":[{"embeddable":true,"href":"https:\/\/lachicadelaspinturas.es\/index.php?rest_route=\/wp\/v2\/media\/2667"}],"wp:attachment":[{"href":"https:\/\/lachicadelaspinturas.es\/index.php?rest_route=%2Fwp%2Fv2%2Fmedia&parent=2665"}],"wp:term":[{"taxonomy":"product_brand","embeddable":true,"href":"https:\/\/lachicadelaspinturas.es\/index.php?rest_route=%2Fwp%2Fv2%2Fproduct_brand&post=2665"},{"taxonomy":"product_cat","embeddable":true,"href":"https:\/\/lachicadelaspinturas.es\/index.php?rest_route=%2Fwp%2Fv2%2Fproduct_cat&post=2665"},{"taxonomy":"product_tag","embeddable":true,"href":"https:\/\/lachicadelaspinturas.es\/index.php?rest_route=%2Fwp%2Fv2%2Fproduct_tag&post=2665"}],"curies":[{"name":"wp","href":"https:\/\/api.w.org\/{rel}","templated":true}]}}