{"id":2776,"date":"2026-03-04T10:25:49","date_gmt":"2026-03-04T10:25:49","guid":{"rendered":"https:\/\/lachicadelaspinturas.es\/?post_type=product&#038;p=2776"},"modified":"2026-03-12T21:42:16","modified_gmt":"2026-03-12T21:42:16","slug":"pegatina-aliquindoi","status":"publish","type":"product","link":"https:\/\/lachicadelaspinturas.es\/?product=pegatina-aliquindoi","title":{"rendered":"Pegatina ALIQUINDOI"},"content":{"rendered":"<p><span style=\"font-weight: 400;\">Pegatina vin\u00edlica de gran tama\u00f1o resistente a luz, agua y mierda de p\u00e1jaro. Ideal para pegar en el coche, bicicleta, patinetes, ordenador, nevera, botella de agua\u2026<\/span><\/p>\n<p>Dimensiones: <span style=\"font-weight: 400;\">88 x 80 mm<\/span><\/p>\n","protected":false},"excerpt":{"rendered":"<p>Pegatina vin\u00edlica de gran tama\u00f1o resistente a luz, agua y mierda de p\u00e1jaro. Ideal para pegar en el coche, bicicleta, patinetes, ordenador, nevera, botella de agua\u2026 Dimensiones: 88 x 80<\/p>\n","protected":false},"featured_media":2777,"comment_status":"open","ping_status":"closed","template":"","meta":[],"product_brand":[],"product_cat":[91],"product_tag":[55,125,126,115,116],"class_list":{"0":"post-2776","1":"product","2":"type-product","3":"status-publish","4":"has-post-thumbnail","6":"product_cat-pegatinas","7":"product_tag-aliquindoi","8":"product_tag-andalucia","9":"product_tag-palabra","10":"product_tag-pegatina","11":"product_tag-prints","13":"first","14":"instock","15":"taxable","16":"shipping-taxable","17":"purchasable","18":"product-type-simple"},"jetpack_sharing_enabled":true,"_links":{"self":[{"href":"https:\/\/lachicadelaspinturas.es\/index.php?rest_route=\/wp\/v2\/product\/2776","targetHints":{"allow":["GET"]}}],"collection":[{"href":"https:\/\/lachicadelaspinturas.es\/index.php?rest_route=\/wp\/v2\/product"}],"about":[{"href":"https:\/\/lachicadelaspinturas.es\/index.php?rest_route=\/wp\/v2\/types\/product"}],"replies":[{"embeddable":true,"href":"https:\/\/lachicadelaspinturas.es\/index.php?rest_route=%2Fwp%2Fv2%2Fcomments&post=2776"}],"version-history":[{"count":1,"href":"https:\/\/lachicadelaspinturas.es\/index.php?rest_route=\/wp\/v2\/product\/2776\/revisions"}],"predecessor-version":[{"id":2778,"href":"https:\/\/lachicadelaspinturas.es\/index.php?rest_route=\/wp\/v2\/product\/2776\/revisions\/2778"}],"wp:featuredmedia":[{"embeddable":true,"href":"https:\/\/lachicadelaspinturas.es\/index.php?rest_route=\/wp\/v2\/media\/2777"}],"wp:attachment":[{"href":"https:\/\/lachicadelaspinturas.es\/index.php?rest_route=%2Fwp%2Fv2%2Fmedia&parent=2776"}],"wp:term":[{"taxonomy":"product_brand","embeddable":true,"href":"https:\/\/lachicadelaspinturas.es\/index.php?rest_route=%2Fwp%2Fv2%2Fproduct_brand&post=2776"},{"taxonomy":"product_cat","embeddable":true,"href":"https:\/\/lachicadelaspinturas.es\/index.php?rest_route=%2Fwp%2Fv2%2Fproduct_cat&post=2776"},{"taxonomy":"product_tag","embeddable":true,"href":"https:\/\/lachicadelaspinturas.es\/index.php?rest_route=%2Fwp%2Fv2%2Fproduct_tag&post=2776"}],"curies":[{"name":"wp","href":"https:\/\/api.w.org\/{rel}","templated":true}]}}