{"id":2919,"date":"2026-03-11T09:24:32","date_gmt":"2026-03-11T09:24:32","guid":{"rendered":"https:\/\/lachicadelaspinturas.es\/?post_type=product&#038;p=2919"},"modified":"2026-03-12T21:18:24","modified_gmt":"2026-03-12T21:18:24","slug":"print-la-viuda","status":"publish","type":"product","link":"https:\/\/lachicadelaspinturas.es\/?product=print-la-viuda","title":{"rendered":"Print LA VIUDA"},"content":{"rendered":"<p><span style=\"font-weight: 400;\">Papel estucado mate de 350 gr (A6,A5,A4,A3)<\/span><\/p>\n","protected":false},"excerpt":{"rendered":"<p>Lo cierto es que preferir\u00edamos el oso. Tambi\u00e9n preferimos ir a prisi\u00f3n y ser viudas antes que acabar muertas. M\u00e1s all\u00e1 de los debates, preferimos estar vivas.<\/p>\n","protected":false},"featured_media":2920,"comment_status":"closed","ping_status":"closed","template":"","meta":[],"product_brand":[],"product_cat":[26],"product_tag":[120,78],"class_list":{"0":"post-2919","1":"product","2":"type-product","3":"status-publish","4":"has-post-thumbnail","6":"product_cat-prints","7":"product_tag-laviuda","8":"product_tag-print","10":"first","11":"instock","12":"taxable","13":"shipping-taxable","14":"purchasable","15":"product-type-variable"},"jetpack_sharing_enabled":true,"_links":{"self":[{"href":"https:\/\/lachicadelaspinturas.es\/index.php?rest_route=\/wp\/v2\/product\/2919","targetHints":{"allow":["GET"]}}],"collection":[{"href":"https:\/\/lachicadelaspinturas.es\/index.php?rest_route=\/wp\/v2\/product"}],"about":[{"href":"https:\/\/lachicadelaspinturas.es\/index.php?rest_route=\/wp\/v2\/types\/product"}],"replies":[{"embeddable":true,"href":"https:\/\/lachicadelaspinturas.es\/index.php?rest_route=%2Fwp%2Fv2%2Fcomments&post=2919"}],"version-history":[{"count":4,"href":"https:\/\/lachicadelaspinturas.es\/index.php?rest_route=\/wp\/v2\/product\/2919\/revisions"}],"predecessor-version":[{"id":3025,"href":"https:\/\/lachicadelaspinturas.es\/index.php?rest_route=\/wp\/v2\/product\/2919\/revisions\/3025"}],"wp:featuredmedia":[{"embeddable":true,"href":"https:\/\/lachicadelaspinturas.es\/index.php?rest_route=\/wp\/v2\/media\/2920"}],"wp:attachment":[{"href":"https:\/\/lachicadelaspinturas.es\/index.php?rest_route=%2Fwp%2Fv2%2Fmedia&parent=2919"}],"wp:term":[{"taxonomy":"product_brand","embeddable":true,"href":"https:\/\/lachicadelaspinturas.es\/index.php?rest_route=%2Fwp%2Fv2%2Fproduct_brand&post=2919"},{"taxonomy":"product_cat","embeddable":true,"href":"https:\/\/lachicadelaspinturas.es\/index.php?rest_route=%2Fwp%2Fv2%2Fproduct_cat&post=2919"},{"taxonomy":"product_tag","embeddable":true,"href":"https:\/\/lachicadelaspinturas.es\/index.php?rest_route=%2Fwp%2Fv2%2Fproduct_tag&post=2919"}],"curies":[{"name":"wp","href":"https:\/\/api.w.org\/{rel}","templated":true}]}}