{"id":318,"date":"2025-12-05T11:42:34","date_gmt":"2025-12-05T11:42:34","guid":{"rendered":"https:\/\/lachicadelaspinturas.es\/?post_type=product&#038;p=318"},"modified":"2026-03-12T23:22:56","modified_gmt":"2026-03-12T23:22:56","slug":"camiseta-que-se-te-seque-la-hierbabuena","status":"publish","type":"product","link":"https:\/\/lachicadelaspinturas.es\/?product=camiseta-que-se-te-seque-la-hierbabuena","title":{"rendered":"Camiseta QUE SE TE SEQUE LA YERBABUENA"},"content":{"rendered":"<p>\u2728\ufe0fCARNAVAL\u2728\ufe0f<br \/>\nUna mujer en un patio de butacas que grita a voz viva a un escenario vestido de tradicion y masculinidad.<br \/>\n\ud83c\udf89Ole ole mi Ca\u00ed y lo digo a boca llena, y el que no diga ole, que se le seque la yerbabuena\ud83c\udf89<br \/>\nA lo que continuaba todo un teatro diciendo al unisono: \ud83d\udd25\u00a1ole ole y ole!\ud83d\udd25<br \/>\n\ud83d\udd38\ufe0fMaria la Yerbabuena fue capaz de hacer eso, ser una voz femenina en un lugar oscuro de un teatro que sin quererlo se convertia en referente y tradicion.<br \/>\n\u2b50\ufe0fY es que ser mujer y salir en carnaval es eso, un acto de amor propio y rebeld\u00eda\u2b50\ufe0f<br \/>\n\ud83d\udc96Es cantarle a m\u00e1s de 50 a\u00f1os de coplas diciendo que esto tambi\u00e9n nos pertenece, reivindicando el sitio que siempre deber\u00edamos haber tenido, a pesar de un sistema patriarcal que ha querido relegarnos a lo privado. Porque, por desgracia, la chirigota en ocasiones ha supuesto enfrentarse a un juicio que no sufren las agrupaciones masculinas, y exponerse no solo a la cr\u00edtica normal y l\u00edcita basada en los gustos de cada persona, sino a una valoraci\u00f3n despiadada de nuestro f\u00edsico, o de si lo que cantamos es o no \u201cpropio de una mujer\u201d.<br \/>\n\u3030\ufe0fSin embargo, participar tambi\u00e9n implica superar tus miedos, es subir cada a\u00f1o un nuevo escal\u00f3n, mirar a tus compa\u00f1eras y sonre\u00edr porque lo est\u00e1is disfrutando. Lo que empez\u00f3 siendo una afici\u00f3n m\u00e1s, se convierte en el ratito de cuidados semanales que, entre un pito y unas claves, encontramos cada martes entre las cuatro paredes del local de ensayo.<br \/>\n\u2640\ufe0fSalir en carnaval es la risa contagiosa en medio de una metedura de pata mientras cantas un cupl\u00e9, son las prisas porque no llegamos que se apaciguan por la voz calmada de tu compa\u00f1era asegur\u00e1ndote que todo saldr\u00e1 bien. Es la aguja torpe que intenta coser un tipo, el tono que se va por peteneras o el hacer malabares con el dinero porque la precariedad, ser mujer y joven, van de la mano.<br \/>\n\ud83e\udd42Y sin darte cuenta, ya es domingo de Pi\u00f1ata y, de \u00e9l, renacen las cenizas para un nuevo febrero, revolucionario y feminista.<br \/>\nPor todas esas mujeres que hacen el carnaval posible y siguen luchando por una tradici\u00f3n en la que todas las personas tengan cabida.<\/p>\n<p>\u2600\ufe0fGRACIAS <a class=\"x1i10hfl xjbqb8w x1ejq31n x18oe1m7 x1sy0etr xstzfhl x972fbf x10w94by x1qhh985 x14e42zd x9f619 x1ypdohk xt0psk2 x3ct3a4 xdj266r x14z9mp xat24cr x1lziwak xexx8yu xyri2b x18d9i69 x1c1uobl x16tdsg8 x1hl2dhg xggy1nq x1a2a7pz notranslate _a6hd\" tabindex=\"0\" role=\"link\" href=\"https:\/\/www.instagram.com\/chirimixdh\/\">@chirimixdh<\/a> por estas bellas palabras \ud83d\udc9c\ud83e\udef6<\/p>\n","protected":false},"excerpt":{"rendered":"<p><span style=\"font-weight: 400;\">Gritar ole 3 veces delante de un espejo y que te aparezca Mar\u00eda la Yerbabuena tiene que ser el pase de oro para la vida. Amiga\u2026 que nunca se te seque la yerbabuena \u00a1Que Mar\u00eda te acompa\u00f1e!<\/span><\/p>\n","protected":false},"featured_media":320,"comment_status":"closed","ping_status":"closed","template":"","meta":[],"product_brand":[],"product_cat":[15],"product_tag":[42,128,131,43],"class_list":{"0":"post-318","1":"product","2":"type-product","3":"status-publish","4":"has-post-thumbnail","6":"product_cat-camisetas","7":"product_tag-camiseta","8":"product_tag-carnaval","9":"product_tag-quesetesequelayerbabuena","10":"product_tag-ropa","12":"first","13":"instock","14":"taxable","15":"shipping-taxable","16":"purchasable","17":"product-type-variable"},"jetpack_sharing_enabled":true,"_links":{"self":[{"href":"https:\/\/lachicadelaspinturas.es\/index.php?rest_route=\/wp\/v2\/product\/318","targetHints":{"allow":["GET"]}}],"collection":[{"href":"https:\/\/lachicadelaspinturas.es\/index.php?rest_route=\/wp\/v2\/product"}],"about":[{"href":"https:\/\/lachicadelaspinturas.es\/index.php?rest_route=\/wp\/v2\/types\/product"}],"replies":[{"embeddable":true,"href":"https:\/\/lachicadelaspinturas.es\/index.php?rest_route=%2Fwp%2Fv2%2Fcomments&post=318"}],"version-history":[{"count":3,"href":"https:\/\/lachicadelaspinturas.es\/index.php?rest_route=\/wp\/v2\/product\/318\/revisions"}],"predecessor-version":[{"id":3080,"href":"https:\/\/lachicadelaspinturas.es\/index.php?rest_route=\/wp\/v2\/product\/318\/revisions\/3080"}],"wp:featuredmedia":[{"embeddable":true,"href":"https:\/\/lachicadelaspinturas.es\/index.php?rest_route=\/wp\/v2\/media\/320"}],"wp:attachment":[{"href":"https:\/\/lachicadelaspinturas.es\/index.php?rest_route=%2Fwp%2Fv2%2Fmedia&parent=318"}],"wp:term":[{"taxonomy":"product_brand","embeddable":true,"href":"https:\/\/lachicadelaspinturas.es\/index.php?rest_route=%2Fwp%2Fv2%2Fproduct_brand&post=318"},{"taxonomy":"product_cat","embeddable":true,"href":"https:\/\/lachicadelaspinturas.es\/index.php?rest_route=%2Fwp%2Fv2%2Fproduct_cat&post=318"},{"taxonomy":"product_tag","embeddable":true,"href":"https:\/\/lachicadelaspinturas.es\/index.php?rest_route=%2Fwp%2Fv2%2Fproduct_tag&post=318"}],"curies":[{"name":"wp","href":"https:\/\/api.w.org\/{rel}","templated":true}]}}