{"id":497,"date":"2025-12-05T15:46:52","date_gmt":"2025-12-05T15:46:52","guid":{"rendered":"https:\/\/lachicadelaspinturas.es\/?post_type=product&#038;p=497"},"modified":"2026-03-12T23:07:48","modified_gmt":"2026-03-12T23:07:48","slug":"jarrillo-lata-relio","status":"publish","type":"product","link":"https:\/\/lachicadelaspinturas.es\/?product=jarrillo-lata-relio","title":{"rendered":"Jarrillo Lata REL\u00cdO"},"content":{"rendered":"<p><span style=\"font-weight: 400;\">Lat\u00f3n esmaltado de alta calidad, brindando durabilidad y resistencia.\u00a0<\/span><\/p>\n<p><span style=\"font-weight: 400;\">Ancho de 80 \u00d8 mm y altura de 8 cm<\/span><\/p>\n","protected":false},"excerpt":{"rendered":"<p><span style=\"font-weight: 400;\">D\u00e9jate querer por las circunstancias. Ll\u00e9vate tu taza a los lugares m\u00e1s remotos y disfruta de unos buenos relios sin miedo a que se rompa\u2026 una cosa menos que plantearse al d\u00eda siguiente de una noche relianta\u2026 la cuesti\u00f3n es no perderla.<\/span><\/p>\n","protected":false},"featured_media":498,"comment_status":"closed","ping_status":"closed","template":"","meta":[],"product_brand":[],"product_cat":[35],"product_tag":[125,60,40,126,58,41],"class_list":{"0":"post-497","1":"product","2":"type-product","3":"status-publish","4":"has-post-thumbnail","6":"product_cat-jarrillo-lata","7":"product_tag-andalucia","8":"product_tag-jarrillolata","9":"product_tag-merchan","10":"product_tag-palabra","11":"product_tag-relio","12":"product_tag-varios","14":"first","15":"instock","16":"taxable","17":"shipping-taxable","18":"purchasable","19":"product-type-simple"},"jetpack_sharing_enabled":true,"_links":{"self":[{"href":"https:\/\/lachicadelaspinturas.es\/index.php?rest_route=\/wp\/v2\/product\/497","targetHints":{"allow":["GET"]}}],"collection":[{"href":"https:\/\/lachicadelaspinturas.es\/index.php?rest_route=\/wp\/v2\/product"}],"about":[{"href":"https:\/\/lachicadelaspinturas.es\/index.php?rest_route=\/wp\/v2\/types\/product"}],"replies":[{"embeddable":true,"href":"https:\/\/lachicadelaspinturas.es\/index.php?rest_route=%2Fwp%2Fv2%2Fcomments&post=497"}],"version-history":[{"count":2,"href":"https:\/\/lachicadelaspinturas.es\/index.php?rest_route=\/wp\/v2\/product\/497\/revisions"}],"predecessor-version":[{"id":3074,"href":"https:\/\/lachicadelaspinturas.es\/index.php?rest_route=\/wp\/v2\/product\/497\/revisions\/3074"}],"wp:featuredmedia":[{"embeddable":true,"href":"https:\/\/lachicadelaspinturas.es\/index.php?rest_route=\/wp\/v2\/media\/498"}],"wp:attachment":[{"href":"https:\/\/lachicadelaspinturas.es\/index.php?rest_route=%2Fwp%2Fv2%2Fmedia&parent=497"}],"wp:term":[{"taxonomy":"product_brand","embeddable":true,"href":"https:\/\/lachicadelaspinturas.es\/index.php?rest_route=%2Fwp%2Fv2%2Fproduct_brand&post=497"},{"taxonomy":"product_cat","embeddable":true,"href":"https:\/\/lachicadelaspinturas.es\/index.php?rest_route=%2Fwp%2Fv2%2Fproduct_cat&post=497"},{"taxonomy":"product_tag","embeddable":true,"href":"https:\/\/lachicadelaspinturas.es\/index.php?rest_route=%2Fwp%2Fv2%2Fproduct_tag&post=497"}],"curies":[{"name":"wp","href":"https:\/\/api.w.org\/{rel}","templated":true}]}}